{"id":3,"date":"2025-10-03T04:31:17","date_gmt":"2025-10-03T04:31:17","guid":{"rendered":"https:\/\/objective-newton.194-164-163-13.plesk.page\/?page_id=3"},"modified":"2025-10-19T07:15:02","modified_gmt":"2025-10-19T07:15:02","slug":"privacy-policy","status":"publish","type":"page","link":"https:\/\/praxiseichwiesen.ch\/en\/privacy-policy\/","title":{"rendered":"Privacy policy"},"content":{"rendered":"\n<h1 class=\"wp-block-heading\">Datenschutzerkl\u00e4rung<\/h1>\n\n\n\n<p>Nachfolgend teilen wir Ihnen mit, welche Daten wir w\u00e4hrend Ihres Besuchs auf unserer Webseite erfassen, wie diese verwendet werden und informieren Sie \u00fcber Ihre Rechte.<\/p>\n\n\n\n<h2 class=\"wp-block-heading\">Protokollierung<\/h2>\n\n\n\n<p>Wenn Sie unsere Webseite besuchen, sendet Ihr Browser technisch bedingte Daten mit, welche von unserem Webserver automatisch protokolliert werden (Serverlog). Bei den protokollierten Daten handelt es sich namentlich um:<\/p>\n\n\n\n<ul class=\"wp-block-list\">\n<li>Browsertyp und Browserversion<\/li>\n\n\n\n<li>Verwendetes Betriebssystem<\/li>\n\n\n\n<li>Referrer URL<\/li>\n\n\n\n<li>Hostname des zugreifenden Rechners<\/li>\n\n\n\n<li>Uhrzeit der Serveranfrage<\/li>\n\n\n\n<li>IP-Adresse<\/li>\n<\/ul>\n\n\n\n<p>Das Serverlog verwenden wir dazu, den ordnungsgem\u00e4ssen Betrieb des Webservers sicherzustellen (Fehlersuche, Aufkl\u00e4rung von Missbrauch, Abwehr von Angriffsversuchen).<\/p>\n\n\n\n<h2 class=\"wp-block-heading\">Cookies<\/h2>\n\n\n\n<p>Cookies sind kleine Textdateien, die \u00fcber Ihren Browser auf Ihrem Computer gespeichert werden. Wir verwenden Cookies, um Ihnen die Nutzung unserer Webseite zu erleichtern und sie Ihren Bed\u00fcrfnissen gerecht zu gestalten sowie zur Optimierung unserer Werbung.<\/p>\n\n\n\n<p>Sofern Sie zum ersten Mal unsere Webseite besuchen, erscheint auf unserer Webseite ein Banner, in welchem wir Sie um Ihre Einwilligung zur Verwendung von Cookies bitten. Erteilen Sie hierzu Ihre Einwilligung, speichern wir Cookies auf Ihrem Rechner und das Banner wird w\u00e4hrend deren Lebensdauer nicht erneut angezeigt. Danach, oder wenn Sie die Cookies l\u00f6schen, wird das Banner beim n\u00e4chsten Besuch unserer Webseite wieder eingeblendet, um Ihre Einwilligung erneut einzuholen.<\/p>\n\n\n\n<p>Sie haben die M\u00f6glichkeit, Ihren Internet-Browser so einzustellen, dass Cookies gar nicht erst gespeichert werden und\/oder k\u00f6nnen Cookies \u00fcber Ihren Internet-Browser jederzeit l\u00f6schen. Dies kann jedoch zu Einschr\u00e4nkungen der Funktionen oder der Benutzerfreundlichkeit unserer Webseite f\u00fchren.<\/p>\n\n\n\n<h3 class=\"wp-block-heading\">Auswertungstool<\/h3>\n\n\n\n<p><strong>Google-Analytics mit Anonymisierungsfunktion<\/strong><br>Wir setzen auf unserer Seite Google-Analytics, einen Webanalysedienst der Firma Google Inc., 1600 Amphitheatre Parkway, Mountain View, CA 94043 USA, nachfolgend \u00abGoogle\u00bb ein. Google-Analytics verwendet sog. \u00abCookies\u00bb, Textdateien, die auf Ihrem Computer gespeichert werden und hierdurch eine Analyse der Benutzung der Website durch Sie erm\u00f6glichen. Die durch diese Cookies erzeugten Informationen, beispielsweise Zeit, Ort und H\u00e4ufigkeit Ihres Webseiten-Besuchs einschlie\u00dflich Ihrer IP-Adresse, werden an Google in den USA \u00fcbertragen und dort gespeichert.<\/p>\n\n\n\n<p>Wir verwenden Google-Analytics mit dem Zusatz \u00ab_gat._anonymizeIp\u00bb. Ihre IP-Adresse wird in diesem Fall von Google schon innerhalb von Mitgliedstaaten der Europ\u00e4ischen Union oder in anderen Vertragsstaaten des Abkommens \u00fcber den Europ\u00e4ischen Wirtschaftsraum gek\u00fcrzt und dadurch anonymisiert. Google wird diese Informationen benutzen, um Ihre Nutzung unserer Seite auszuwerten, um Reports \u00fcber die Websiteaktivit\u00e4ten f\u00fcr uns zusammenzustellen und um weitere mit der Websitenutzung und der Internetnutzung verbundene Dienstleistungen zu erbringen. Auch wird Google diese Informationen gegebenenfalls an Dritte \u00fcbertragen, sofern dies gesetzlich vorgeschrieben oder soweit Dritte diese Daten im Auftrag von Google verarbeiten.<\/p>\n\n\n\n<p>Google wird, nach eigenen Angaben, in keinem Fall Ihre IP-Adresse mit anderen Daten von Google in Verbindung bringen. Sie k\u00f6nnen die Installation der Cookies durch eine entsprechende Einstellung Ihrer Browser-Software verhindern; wir weisen Sie jedoch darauf hin, dass Sie in diesem Fall gegebenenfalls nicht s\u00e4mtliche Funktionen unserer Website vollumf\u00e4nglich nutzen k\u00f6nnen. Sie k\u00f6nnen dar\u00fcber hinaus die Erfassung der durch das Cookie erzeugten und auf Ihre Nutzung der Website bezogenen Daten (inkl. Ihrer IP-Adresse) an Google sowie die Verarbeitung dieser Daten durch Google verhindern, indem Sie das unter dem folgenden Link (<a href=\"http:\/\/tools.google.com\/dlpage\/gaoptout?hl=de\" target=\"_blank\" rel=\"noreferrer noopener\">http:\/\/tools.google.com\/dlpage\/gaoptout?hl=de<\/a>) verf\u00fcgbare Browser-Plugin herunterladen und installieren.<\/p>\n\n\n\n<p>Sie k\u00f6nnen die Erfassung durch Google Analytics verhindern, indem Sie auf folgenden Link klicken. Es wird ein Opt-Out-Cookie gesetzt, das die zuk\u00fcnftige Erfassung Ihrer Daten beim Besuch dieser Website verhindert: Google Analytics deaktivieren<\/p>\n\n\n\n<p>Sie k\u00f6nnen die Datenerfassung und -verarbeitung jederzeit durch Blockieren von Cookies in Ihrem Internet-Browser verhindern.<\/p>\n\n\n\n<h2 class=\"wp-block-heading\">Verwendung von externen Links<\/h2>\n\n\n\n<p>Auf unseren Webseiten k\u00f6nnen Links zu Webseiten &#8211; nicht mit uns verbundener &#8211; Dritter enthalten sein, die ihrerseits Cookies verwenden. Insbesondere bieten wir auch Links zu sozialen Netzwerken (z.B. Facebook, Twitter, Xing, Linkedin, Youtube) an. Nach Anklicken des Links haben wir keinen Einfluss mehr auf die Erhebung, Speicherung und Bearbeitung etwaiger mit dem Anklicken des Links an den Dritten direkt \u00fcbertragenen Daten, da das Verhalten Dritter naturgem\u00e4ss unserer Kontrolle entzogen ist. F\u00fcr die Bearbeitung derartiger Daten durch Dritte \u00fcbernehmen wir keine Verantwortung. Bitte informieren Sie sich in den Datenschutzhinweisen des jeweiligen Dritten \u00fcber Zweck und Umfang der Datenerhebung, die Bearbeitung und Nutzung der Daten sowie Einstellungsm\u00f6glichkeiten zum Schutz Ihrer Privatsph\u00e4re:<\/p>\n\n\n\n<ul class=\"wp-block-list\">\n<li>Facebook<\/li>\n\n\n\n<li>Twitter<\/li>\n\n\n\n<li>Xing<\/li>\n\n\n\n<li>Linkedin<\/li>\n\n\n\n<li>YouTube<\/li>\n<\/ul>\n\n\n\n<h2 class=\"wp-block-heading\">Weitere Datenverarbeitung<\/h2>\n\n\n\n<p>Wir bieten Ihnen die M\u00f6glichkeit \u00fcber E-Mail, Kontakt- oder Bestellformular freiwillig Daten an uns zu \u00fcbermitteln, beispielsweise damit Sie eine Dienstleistung bestellen k\u00f6nnen, damit wir mit ihnen direkt in Kontakt treten oder Ihnen weitere Informationen, Newsletter oder Werbung zukommen lassen k\u00f6nnen.<\/p>\n\n\n\n<p>Aus Sicherheitsgr\u00fcnden und zum Schutz der \u00dcbertragung vertraulicher Inhalte, die Sie an uns als Seitenbetreiber senden, nutzt unsere Website eine SSL-bzw. TLS-Verschl\u00fcsselung. Damit sind Daten, die Sie \u00fcber unsere Website \u00fcbermitteln, f\u00fcr Dritte nicht einsehbar. Sie erkennen eine verschl\u00fcsselte Verbindung an der \u00abhttps:\/\/\u00bb Adresszeile Ihres Browsers bzw. am Schloss-Symbol in der Browserzeile. Wenn die SSL- bzw. TLS-Verschl\u00fcsselung aktiviert ist, k\u00f6nnen die Daten, die Sie an uns \u00fcbermitteln, nicht von Dritten mitgelesen werden. Wir fordern Sie auf, nur Daten anzugeben, die wir f\u00fcr die Erbringung unserer Leistungen ben\u00f6tigen.<\/p>\n\n\n\n<p>Diese Seite nutzt zur einheitlichen Darstellung von Schriftarten so genannte Web Fonts, die von Google bereitgestellt werden. Beim Aufruf einer Seite l\u00e4dt Ihr Browser die ben\u00f6tigten Web Fonts in ihren Browsercache, um Texte und Schriftarten korrekt anzuzeigen.<\/p>\n\n\n\n<p>Zu diesem Zweck muss der von Ihnen verwendete Browser Verbindung zu den Servern von Google aufnehmen. Hierdurch erlangt Google Kenntnis dar\u00fcber, dass \u00fcber Ihre IP-Adresse unsere Website aufgerufen wurde. Die Nutzung von Google Web Fonts erfolgt im Interesse einer einheitlichen und ansprechenden Darstellung unserer Online-Angebote. Dies stellt ein berechtigtes Interesse im Sinne von Art. 6 Abs. 1 lit. f DSGVO dar.<\/p>\n\n\n\n<p>Weitere Informationen zu Google Web Fonts finden Sie unter:<br><a href=\"https:\/\/developers.google.com\/fonts\/faq\" target=\"_blank\" rel=\"noreferrer noopener\">https:\/\/developers.google.com\/fonts\/faq<\/a> und in der Datenschutzerkl\u00e4rung von Google: <a href=\"https:\/\/www.google.com\/policies\/privacy\/\" target=\"_blank\" rel=\"noreferrer noopener\">https:\/\/www.google.com\/policies\/privacy\/<\/a>.<\/p>\n\n\n\n<h2 class=\"wp-block-heading\">Werden Ihre Daten an Dritte weitergegeben?<\/h2>\n\n\n\n<p>In bestimmten F\u00e4llen k\u00f6nnen wir gesetzlich dazu verpflichtet sein, Daten an eine anfragende staatliche Beh\u00f6rde oder ein Gericht zu \u00fcbermitteln. Dar\u00fcber hinaus geben wir keine Daten an Dritte weiter, es sei denn, Sie haben ausdr\u00fccklich eingewilligt.<\/p>\n\n\n\n<h2 class=\"wp-block-heading\">Zu welchen Zwecken sammeln und bearbeiten wir Personendaten?<\/h2>\n\n\n\n<p>Wir sammeln und bearbeiten Ihre Personendaten insbesondere zu einem oder mehreren der nachfolgenden Zwecke:<\/p>\n\n\n\n<ul class=\"wp-block-list\">\n<li>Bereitstellung und Verkauf unserer Dienstleistungen und Produkte<\/li>\n\n\n\n<li>Abwicklung von Vertr\u00e4gen<\/li>\n\n\n\n<li>Bereitstellung, Administration und Durchf\u00fchrung der Kundenkommunikation<\/li>\n\n\n\n<li>Analyse des Kundenverhaltens und Optimierung unserer Angebote und des Marketings<\/li>\n<\/ul>\n\n\n\n<h2 class=\"wp-block-heading\">Was sind Ihre Rechte?<\/h2>\n\n\n\n<p>Sie haben das Recht, jederzeit eine Auskunft von uns \u00fcber die zu Ihnen bei uns gespeicherten Daten zu verlangen, z.B. zu deren Herkunft, zu den Empf\u00e4ngern, an die diese Daten weitergegeben werden, und \u00fcber den Zweck der Speicherung. Ebenso k\u00f6nnen Sie die Berichtigung, L\u00f6schung oder Sperrung Ihrer Daten verlangen.<br>Sofern Sie uns eine Einwilligung zur Nutzung Ihrer Daten erteilt haben, k\u00f6nnen Sie diese jederzeit widerrufen. Dies f\u00fchrt zur L\u00f6schung Ihrer Daten, sofern nicht rechtliche Gr\u00fcnde entgegenstehen. In diesem Fall sperren wir Ihre Daten so, dass sie nur noch f\u00fcr die rechtlich notwendigen Zwecke genutzt werden k\u00f6nnen.<\/p>\n\n\n\n<p>Bei Fragen zur Bearbeitung Ihrer Daten, k\u00f6nnen Sie uns schriftlich kontaktieren.<\/p>\n","protected":false},"excerpt":{"rendered":"<p>Datenschutzerkl\u00e4rung Nachfolgend teilen wir Ihnen mit, welche Daten wir w\u00e4hrend Ihres Besuchs auf unserer Webseite erfassen, wie diese verwendet werden und informieren Sie \u00fcber Ihre Rechte. Protokollierung Wenn Sie unsere Webseite besuchen, sendet Ihr Browser technisch bedingte Daten mit, welche von unserem Webserver automatisch protokolliert werden (Serverlog). Bei den protokollierten Daten handelt es sich namentlich [&hellip;]<\/p>\n","protected":false},"author":1,"featured_media":0,"parent":0,"menu_order":0,"comment_status":"closed","ping_status":"closed","template":"","meta":{"_uag_custom_page_level_css":"","site-sidebar-layout":"default","site-content-layout":"","ast-site-content-layout":"default","site-content-style":"default","site-sidebar-style":"default","ast-global-header-display":"","ast-banner-title-visibility":"","ast-main-header-display":"","ast-hfb-above-header-display":"","ast-hfb-below-header-display":"","ast-hfb-mobile-header-display":"","site-post-title":"disabled","ast-breadcrumbs-content":"","ast-featured-img":"","footer-sml-layout":"","ast-disable-related-posts":"","theme-transparent-header-meta":"","adv-header-id-meta":"","stick-header-meta":"","header-above-stick-meta":"","header-main-stick-meta":"","header-below-stick-meta":"","astra-migrate-meta-layouts":"set","ast-page-background-enabled":"default","ast-page-background-meta":{"desktop":{"background-color":"var(--ast-global-color-4)","background-image":"","background-repeat":"repeat","background-position":"center center","background-size":"auto","background-attachment":"scroll","background-type":"","background-media":"","overlay-type":"","overlay-color":"","overlay-opacity":"","overlay-gradient":""},"tablet":{"background-color":"","background-image":"","background-repeat":"repeat","background-position":"center center","background-size":"auto","background-attachment":"scroll","background-type":"","background-media":"","overlay-type":"","overlay-color":"","overlay-opacity":"","overlay-gradient":""},"mobile":{"background-color":"","background-image":"","background-repeat":"repeat","background-position":"center center","background-size":"auto","background-attachment":"scroll","background-type":"","background-media":"","overlay-type":"","overlay-color":"","overlay-opacity":"","overlay-gradient":""}},"ast-content-background-meta":{"desktop":{"background-color":"var(--ast-global-color-5)","background-image":"","background-repeat":"repeat","background-position":"center center","background-size":"auto","background-attachment":"scroll","background-type":"","background-media":"","overlay-type":"","overlay-color":"","overlay-opacity":"","overlay-gradient":""},"tablet":{"background-color":"var(--ast-global-color-5)","background-image":"","background-repeat":"repeat","background-position":"center center","background-size":"auto","background-attachment":"scroll","background-type":"","background-media":"","overlay-type":"","overlay-color":"","overlay-opacity":"","overlay-gradient":""},"mobile":{"background-color":"var(--ast-global-color-5)","background-image":"","background-repeat":"repeat","background-position":"center center","background-size":"auto","background-attachment":"scroll","background-type":"","background-media":"","overlay-type":"","overlay-color":"","overlay-opacity":"","overlay-gradient":""}},"footnotes":""},"class_list":["post-3","page","type-page","status-publish","hentry"],"uagb_featured_image_src":{"full":false,"thumbnail":false,"medium":false,"medium_large":false,"large":false,"1536x1536":false,"2048x2048":false},"uagb_author_info":{"display_name":"admin","author_link":"https:\/\/praxiseichwiesen.ch\/en\/blog\/author\/webmaster\/"},"uagb_comment_info":0,"uagb_excerpt":"Datenschutzerkl\u00e4rung Nachfolgend teilen wir Ihnen mit, welche Daten wir w\u00e4hrend Ihres Besuchs auf unserer Webseite erfassen, wie diese verwendet werden und informieren Sie \u00fcber Ihre Rechte. Protokollierung Wenn Sie unsere Webseite besuchen, sendet Ihr Browser technisch bedingte Daten mit, welche von unserem Webserver automatisch protokolliert werden (Serverlog). Bei den protokollierten Daten handelt es sich namentlich&hellip;","_links":{"self":[{"href":"https:\/\/praxiseichwiesen.ch\/en\/wp-json\/wp\/v2\/pages\/3","targetHints":{"allow":["GET"]}}],"collection":[{"href":"https:\/\/praxiseichwiesen.ch\/en\/wp-json\/wp\/v2\/pages"}],"about":[{"href":"https:\/\/praxiseichwiesen.ch\/en\/wp-json\/wp\/v2\/types\/page"}],"author":[{"embeddable":true,"href":"https:\/\/praxiseichwiesen.ch\/en\/wp-json\/wp\/v2\/users\/1"}],"replies":[{"embeddable":true,"href":"https:\/\/praxiseichwiesen.ch\/en\/wp-json\/wp\/v2\/comments?post=3"}],"version-history":[{"count":2,"href":"https:\/\/praxiseichwiesen.ch\/en\/wp-json\/wp\/v2\/pages\/3\/revisions"}],"predecessor-version":[{"id":3144,"href":"https:\/\/praxiseichwiesen.ch\/en\/wp-json\/wp\/v2\/pages\/3\/revisions\/3144"}],"wp:attachment":[{"href":"https:\/\/praxiseichwiesen.ch\/en\/wp-json\/wp\/v2\/media?parent=3"}],"curies":[{"name":"wp","href":"https:\/\/api.w.org\/{rel}","templated":true}]}}